{"id":6508,"date":"2020-10-08T17:02:31","date_gmt":"2020-10-08T15:02:31","guid":{"rendered":"https:\/\/koninklijkfriesgenootschap.nl\/?page_id=6508"},"modified":"2025-04-02T19:17:57","modified_gmt":"2025-04-02T17:17:57","slug":"publicaties","status":"publish","type":"page","link":"https:\/\/koninklijkfriesgenootschap.nl\/fr\/oer-it-keninklik-frysk-genoatskip\/publikaasjes\/","title":{"rendered":"Publikaasjes"},"content":{"rendered":"<div data-elementor-type=\"wp-page\" data-elementor-id=\"6508\" class=\"elementor elementor-6508\" data-elementor-settings=\"[]\">\n\t\t\t\t\t\t<div class=\"elementor-inner\">\n\t\t\t\t\t\t\t<div class=\"elementor-section-wrap\">\n\t\t\t\t\t\t\t<section data-particle_enable=\"false\" data-particle-mobile-disabled=\"false\" class=\"elementor-section elementor-top-section elementor-element elementor-element-bfd90cb elementor-section-full_width elementor-section-height-default elementor-section-height-default\" data-id=\"bfd90cb\" data-element_type=\"section\">\n\t\t\t\t\t\t<div class=\"elementor-container elementor-column-gap-default\">\n\t\t\t\t\t\t\t<div class=\"elementor-row\">\n\t\t\t\t\t<div class=\"elementor-column elementor-col-100 elementor-top-column elementor-element elementor-element-6fee71b\" data-id=\"6fee71b\" data-element_type=\"column\">\n\t\t\t<div class=\"elementor-column-wrap elementor-element-populated\">\n\t\t\t\t\t\t\t<div class=\"elementor-widget-wrap\">\n\t\t\t\t\t\t<div class=\"elementor-element elementor-element-56c9263 elementor-widget elementor-widget-image\" data-id=\"56c9263\" data-element_type=\"widget\" data-widget_type=\"image.default\">\n\t\t\t\t<div class=\"elementor-widget-container\">\n\t\t\t\t\t\t\t\t<div class=\"elementor-image\">\n\t\t\t\t\t\t\t\t\t\t\t\t<img width=\"1600\" height=\"250\" src=\"https:\/\/koninklijkfriesgenootschap.nl\/wp-content\/uploads\/2021\/01\/coversbladen.jpg\" class=\"attachment-2048x2048 size-2048x2048\" alt=\"\" loading=\"lazy\" srcset=\"https:\/\/koninklijkfriesgenootschap.nl\/wp-content\/uploads\/2021\/01\/coversbladen.jpg 1600w, https:\/\/koninklijkfriesgenootschap.nl\/wp-content\/uploads\/2021\/01\/coversbladen-300x47.jpg 300w, https:\/\/koninklijkfriesgenootschap.nl\/wp-content\/uploads\/2021\/01\/coversbladen-1030x161.jpg 1030w, https:\/\/koninklijkfriesgenootschap.nl\/wp-content\/uploads\/2021\/01\/coversbladen-768x120.jpg 768w, https:\/\/koninklijkfriesgenootschap.nl\/wp-content\/uploads\/2021\/01\/coversbladen-1536x240.jpg 1536w, https:\/\/koninklijkfriesgenootschap.nl\/wp-content\/uploads\/2021\/01\/coversbladen-50x8.jpg 50w, https:\/\/koninklijkfriesgenootschap.nl\/wp-content\/uploads\/2021\/01\/coversbladen-500x78.jpg 500w\" sizes=\"(max-width: 1600px) 100vw, 1600px\" title=\"\">\t\t\t\t\t\t\t\t\t\t\t\t\t\t<\/div>\n\t\t\t\t\t\t<\/div>\n\t\t\t\t<\/div>\n\t\t\t\t\t\t<\/div>\n\t\t\t\t\t<\/div>\n\t\t<\/div>\n\t\t\t\t\t\t\t\t<\/div>\n\t\t\t\t\t<\/div>\n\t\t<\/section>\n\t\t\t\t<section data-particle_enable=\"false\" data-particle-mobile-disabled=\"false\" class=\"elementor-section elementor-top-section elementor-element elementor-element-7249251 elementor-section-full_width broodkruimel elementor-section-height-default elementor-section-height-default\" data-id=\"7249251\" data-element_type=\"section\" data-settings=\"{&quot;background_background&quot;:&quot;classic&quot;,&quot;sticky&quot;:&quot;top&quot;,&quot;sticky_on&quot;:[&quot;desktop&quot;],&quot;sticky_offset&quot;:80,&quot;animation&quot;:&quot;none&quot;,&quot;sticky_effects_offset&quot;:0}\">\n\t\t\t\t\t\t<div class=\"elementor-container elementor-column-gap-default\">\n\t\t\t\t\t\t\t<div class=\"elementor-row\">\n\t\t\t\t\t<div class=\"elementor-column elementor-col-50 elementor-top-column elementor-element elementor-element-3637065\" data-id=\"3637065\" data-element_type=\"column\">\n\t\t\t<div class=\"elementor-column-wrap elementor-element-populated\">\n\t\t\t\t\t\t\t<div class=\"elementor-widget-wrap\">\n\t\t\t\t\t\t<div class=\"elementor-element elementor-element-2c69df6 elementor-view-default elementor-widget elementor-widget-icon\" data-id=\"2c69df6\" data-element_type=\"widget\" data-widget_type=\"icon.default\">\n\t\t\t\t<div class=\"elementor-widget-container\">\n\t\t\t\t\t<div class=\"elementor-icon-wrapper\">\n\t\t\t<a class=\"elementor-icon\" href=\"https:\/\/koninklijkfriesgenootschap.nl\/fr\/\">\n\t\t\t<i aria-hidden=\"true\" class=\"fas fa-home\"><\/i>\t\t\t<\/a>\n\t\t<\/div>\n\t\t\t\t<\/div>\n\t\t\t\t<\/div>\n\t\t\t\t\t\t<\/div>\n\t\t\t\t\t<\/div>\n\t\t<\/div>\n\t\t\t\t<div class=\"elementor-column elementor-col-50 elementor-top-column elementor-element elementor-element-e6bb3fc\" data-id=\"e6bb3fc\" data-element_type=\"column\">\n\t\t\t<div class=\"elementor-column-wrap elementor-element-populated\">\n\t\t\t\t\t\t\t<div class=\"elementor-widget-wrap\">\n\t\t\t\t\t\t<div class=\"elementor-element elementor-element-4ba2d2d elementor-widget elementor-widget-shortcode\" data-id=\"4ba2d2d\" data-element_type=\"widget\" data-widget_type=\"shortcode.default\">\n\t\t\t\t<div class=\"elementor-widget-container\">\n\t\t\t\t\t<div class=\"elementor-shortcode\"><nav aria-label=\"breadcrumbs\" class=\"rank-math-breadcrumb\"><p><\/p><\/nav><\/div>\n\t\t\t\t<\/div>\n\t\t\t\t<\/div>\n\t\t\t\t\t\t<\/div>\n\t\t\t\t\t<\/div>\n\t\t<\/div>\n\t\t\t\t\t\t\t\t<\/div>\n\t\t\t\t\t<\/div>\n\t\t<\/section>\n\t\t\t\t<section data-particle_enable=\"false\" data-particle-mobile-disabled=\"false\" class=\"elementor-section elementor-top-section elementor-element elementor-element-65ba149 elementor-section-boxed elementor-section-height-default elementor-section-height-default\" data-id=\"65ba149\" data-element_type=\"section\">\n\t\t\t\t\t\t<div class=\"elementor-container elementor-column-gap-default\">\n\t\t\t\t\t\t\t<div class=\"elementor-row\">\n\t\t\t\t\t<div class=\"elementor-column elementor-col-100 elementor-top-column elementor-element elementor-element-9d487a2\" data-id=\"9d487a2\" data-element_type=\"column\">\n\t\t\t<div class=\"elementor-column-wrap elementor-element-populated\">\n\t\t\t\t\t\t\t<div class=\"elementor-widget-wrap\">\n\t\t\t\t\t\t<div class=\"elementor-element elementor-element-57bd0ed elementor-widget elementor-widget-heading\" data-id=\"57bd0ed\" data-element_type=\"widget\" data-widget_type=\"heading.default\">\n\t\t\t\t<div class=\"elementor-widget-container\">\n\t\t\t<h2 class=\"elementor-heading-title elementor-size-default\">Publikaasjes<\/h2>\t\t<\/div>\n\t\t\t\t<\/div>\n\t\t\t\t<div class=\"elementor-element elementor-element-5c764ef elementor-widget elementor-widget-text-editor\" data-id=\"5c764ef\" data-element_type=\"widget\" data-widget_type=\"text-editor.default\">\n\t\t\t\t<div class=\"elementor-widget-container\">\n\t\t\t\t\t\t\t\t<div class=\"elementor-text-editor elementor-clearfix\">\n\t\t\t\t<p>It \u00fatjaan fan publikaasjes oer Fryske kultuer en skiednis is al hast 200 jier ien fan de kearnaktiviteiten fan it Genoatskip.<\/p>\t\t\t\t\t<\/div>\n\t\t\t\t\t\t<\/div>\n\t\t\t\t<\/div>\n\t\t\t\t<div class=\"elementor-element elementor-element-74e104e elementor-widget elementor-widget-text-editor\" data-id=\"74e104e\" data-element_type=\"widget\" data-widget_type=\"text-editor.default\">\n\t\t\t\t<div class=\"elementor-widget-container\">\n\t\t\t\t\t\t\t\t<div class=\"elementor-text-editor elementor-clearfix\">\n\t\t\t\t<p>Neist de periodiken <a href=\"https:\/\/koninklijkfriesgenootschap.nl\/fr\/de-vrije-fries\/\">De Vrije Fries<\/a> (s\u00fbnt 1839) en <a href=\"https:\/\/koninklijkfriesgenootschap.nl\/fr\/fryslan\/\">Frysl\u00e2n<\/a> (s\u00fbnt 1995) binne noch tal fan oare \u00fatjeften troch of \u00fbnder tafersjoch fan it Genoatskip \u00fatj\u00fbn. In oantal fan dizze \u00fatjeften is noch hieltyd te krijen.<\/p><p>It Keninklik Frysk Genoatskip jout ynsidinteel en beheind subsydzje foar it ta st\u00e2n kommen fan (wittenskiplike) publikaasjes. Jo kinne in fersyk rjochtsje oan it sekretariaat. E-mail:\u00a0<span id=\"cloak7be3cec8ccf49358ca445a77b6bf9f72\"><a href=\"mailto:info@friesgenootschap.nl\">info@friesgenootschap.nl<\/a><\/span><\/p>\t\t\t\t\t<\/div>\n\t\t\t\t\t\t<\/div>\n\t\t\t\t<\/div>\n\t\t\t\t\t\t<\/div>\n\t\t\t\t\t<\/div>\n\t\t<\/div>\n\t\t\t\t\t\t\t\t<\/div>\n\t\t\t\t\t<\/div>\n\t\t<\/section>\n\t\t\t\t\t\t<\/div>\n\t\t\t\t\t\t<\/div>\n\t\t\t\t\t<\/div>","protected":false},"excerpt":{"rendered":"<p>Publicaties Het uitgeven van publicaties over Friese cultuur en geschiedenis is al bijna 200 jaar een van de kernactiviteiten van het Genootschap. Naast de periodieken De Vrije Fries (sinds 1839) en Frysl\u00e2n (sinds 1995) zijn er nog tal van andere uitgaven door of onder auspici\u00ebn van het Genootschap uitgegeven. Een aantal van deze uitgaven is [&hellip;]<\/p>","protected":false},"author":1,"featured_media":0,"parent":6484,"menu_order":0,"comment_status":"closed","ping_status":"closed","template":"","meta":[],"_links":{"self":[{"href":"https:\/\/koninklijkfriesgenootschap.nl\/fr\/wp-json\/wp\/v2\/pages\/6508"}],"collection":[{"href":"https:\/\/koninklijkfriesgenootschap.nl\/fr\/wp-json\/wp\/v2\/pages"}],"about":[{"href":"https:\/\/koninklijkfriesgenootschap.nl\/fr\/wp-json\/wp\/v2\/types\/page"}],"author":[{"embeddable":true,"href":"https:\/\/koninklijkfriesgenootschap.nl\/fr\/wp-json\/wp\/v2\/users\/1"}],"replies":[{"embeddable":true,"href":"https:\/\/koninklijkfriesgenootschap.nl\/fr\/wp-json\/wp\/v2\/comments?post=6508"}],"version-history":[{"count":4,"href":"https:\/\/koninklijkfriesgenootschap.nl\/fr\/wp-json\/wp\/v2\/pages\/6508\/revisions"}],"predecessor-version":[{"id":14238,"href":"https:\/\/koninklijkfriesgenootschap.nl\/fr\/wp-json\/wp\/v2\/pages\/6508\/revisions\/14238"}],"up":[{"embeddable":true,"href":"https:\/\/koninklijkfriesgenootschap.nl\/fr\/wp-json\/wp\/v2\/pages\/6484"}],"wp:attachment":[{"href":"https:\/\/koninklijkfriesgenootschap.nl\/fr\/wp-json\/wp\/v2\/media?parent=6508"}],"curies":[{"name":"wp","href":"https:\/\/api.w.org\/{rel}","templated":true}]}}