{"id":6540,"date":"2020-10-08T17:45:39","date_gmt":"2020-10-08T15:45:39","guid":{"rendered":"https:\/\/koninklijkfriesgenootschap.nl\/?page_id=6540"},"modified":"2025-05-28T13:12:51","modified_gmt":"2025-05-28T11:12:51","slug":"schenkingen-en-legaten","status":"publish","type":"page","link":"https:\/\/koninklijkfriesgenootschap.nl\/fr\/oer-it-keninklik-frysk-genoatskip\/skinkings-en-legaten\/","title":{"rendered":"Skinkings en legaten"},"content":{"rendered":"<div data-elementor-type=\"wp-page\" data-elementor-id=\"6540\" class=\"elementor elementor-6540\" data-elementor-settings=\"[]\">\n\t\t\t\t\t\t<div class=\"elementor-inner\">\n\t\t\t\t\t\t\t<div class=\"elementor-section-wrap\">\n\t\t\t\t\t\t\t<section data-particle_enable=\"false\" data-particle-mobile-disabled=\"false\" class=\"elementor-section elementor-top-section elementor-element elementor-element-bfd90cb elementor-section-full_width elementor-section-height-default elementor-section-height-default\" data-id=\"bfd90cb\" data-element_type=\"section\">\n\t\t\t\t\t\t<div class=\"elementor-container elementor-column-gap-default\">\n\t\t\t\t\t\t\t<div class=\"elementor-row\">\n\t\t\t\t\t<div class=\"elementor-column elementor-col-100 elementor-top-column elementor-element elementor-element-6fee71b\" data-id=\"6fee71b\" data-element_type=\"column\">\n\t\t\t<div class=\"elementor-column-wrap elementor-element-populated\">\n\t\t\t\t\t\t\t<div class=\"elementor-widget-wrap\">\n\t\t\t\t\t\t<div class=\"elementor-element elementor-element-56c9263 elementor-widget elementor-widget-image\" data-id=\"56c9263\" data-element_type=\"widget\" data-widget_type=\"image.default\">\n\t\t\t\t<div class=\"elementor-widget-container\">\n\t\t\t\t\t\t\t\t<div class=\"elementor-image\">\n\t\t\t\t\t\t\t\t\t\t\t\t<img width=\"1600\" height=\"250\" src=\"https:\/\/koninklijkfriesgenootschap.nl\/wp-content\/uploads\/2020\/10\/1Koninklijk_Fries_Genootschap1_1600_250.jpg\" class=\"attachment-2048x2048 size-2048x2048\" alt=\"\" loading=\"lazy\" srcset=\"https:\/\/koninklijkfriesgenootschap.nl\/wp-content\/uploads\/2020\/10\/1Koninklijk_Fries_Genootschap1_1600_250.jpg 1600w, https:\/\/koninklijkfriesgenootschap.nl\/wp-content\/uploads\/2020\/10\/1Koninklijk_Fries_Genootschap1_1600_250-300x47.jpg 300w, https:\/\/koninklijkfriesgenootschap.nl\/wp-content\/uploads\/2020\/10\/1Koninklijk_Fries_Genootschap1_1600_250-1030x161.jpg 1030w, https:\/\/koninklijkfriesgenootschap.nl\/wp-content\/uploads\/2020\/10\/1Koninklijk_Fries_Genootschap1_1600_250-768x120.jpg 768w, https:\/\/koninklijkfriesgenootschap.nl\/wp-content\/uploads\/2020\/10\/1Koninklijk_Fries_Genootschap1_1600_250-1536x240.jpg 1536w, https:\/\/koninklijkfriesgenootschap.nl\/wp-content\/uploads\/2020\/10\/1Koninklijk_Fries_Genootschap1_1600_250-50x8.jpg 50w, https:\/\/koninklijkfriesgenootschap.nl\/wp-content\/uploads\/2020\/10\/1Koninklijk_Fries_Genootschap1_1600_250-500x78.jpg 500w\" sizes=\"(max-width: 1600px) 100vw, 1600px\" title=\"\">\t\t\t\t\t\t\t\t\t\t\t\t\t\t<\/div>\n\t\t\t\t\t\t<\/div>\n\t\t\t\t<\/div>\n\t\t\t\t\t\t<\/div>\n\t\t\t\t\t<\/div>\n\t\t<\/div>\n\t\t\t\t\t\t\t\t<\/div>\n\t\t\t\t\t<\/div>\n\t\t<\/section>\n\t\t\t\t<section data-particle_enable=\"false\" data-particle-mobile-disabled=\"false\" class=\"elementor-section elementor-top-section elementor-element elementor-element-6b23fe4 elementor-section-full_width broodkruimel elementor-section-height-default elementor-section-height-default\" data-id=\"6b23fe4\" data-element_type=\"section\" data-settings=\"{&quot;background_background&quot;:&quot;classic&quot;,&quot;sticky&quot;:&quot;top&quot;,&quot;sticky_on&quot;:[&quot;desktop&quot;],&quot;sticky_offset&quot;:80,&quot;animation&quot;:&quot;none&quot;,&quot;sticky_effects_offset&quot;:0}\">\n\t\t\t\t\t\t<div class=\"elementor-container elementor-column-gap-default\">\n\t\t\t\t\t\t\t<div class=\"elementor-row\">\n\t\t\t\t\t<div class=\"elementor-column elementor-col-50 elementor-top-column elementor-element elementor-element-8f5e885\" data-id=\"8f5e885\" data-element_type=\"column\">\n\t\t\t<div class=\"elementor-column-wrap elementor-element-populated\">\n\t\t\t\t\t\t\t<div class=\"elementor-widget-wrap\">\n\t\t\t\t\t\t<div class=\"elementor-element elementor-element-02cfbab elementor-view-default elementor-widget elementor-widget-icon\" data-id=\"02cfbab\" data-element_type=\"widget\" data-widget_type=\"icon.default\">\n\t\t\t\t<div class=\"elementor-widget-container\">\n\t\t\t\t\t<div class=\"elementor-icon-wrapper\">\n\t\t\t<a class=\"elementor-icon\" href=\"https:\/\/koninklijkfriesgenootschap.nl\/fr\/\">\n\t\t\t<i aria-hidden=\"true\" class=\"fas fa-home\"><\/i>\t\t\t<\/a>\n\t\t<\/div>\n\t\t\t\t<\/div>\n\t\t\t\t<\/div>\n\t\t\t\t\t\t<\/div>\n\t\t\t\t\t<\/div>\n\t\t<\/div>\n\t\t\t\t<div class=\"elementor-column elementor-col-50 elementor-top-column elementor-element elementor-element-3e71705\" data-id=\"3e71705\" data-element_type=\"column\">\n\t\t\t<div class=\"elementor-column-wrap elementor-element-populated\">\n\t\t\t\t\t\t\t<div class=\"elementor-widget-wrap\">\n\t\t\t\t\t\t<div class=\"elementor-element elementor-element-dd61a42 elementor-widget elementor-widget-shortcode\" data-id=\"dd61a42\" data-element_type=\"widget\" data-widget_type=\"shortcode.default\">\n\t\t\t\t<div class=\"elementor-widget-container\">\n\t\t\t\t\t<div class=\"elementor-shortcode\"><nav aria-label=\"breadcrumbs\" class=\"rank-math-breadcrumb\"><p><\/p><\/nav><\/div>\n\t\t\t\t<\/div>\n\t\t\t\t<\/div>\n\t\t\t\t\t\t<\/div>\n\t\t\t\t\t<\/div>\n\t\t<\/div>\n\t\t\t\t\t\t\t\t<\/div>\n\t\t\t\t\t<\/div>\n\t\t<\/section>\n\t\t\t\t<section data-particle_enable=\"false\" data-particle-mobile-disabled=\"false\" class=\"elementor-section elementor-top-section elementor-element elementor-element-65ba149 elementor-section-boxed elementor-section-height-default elementor-section-height-default\" data-id=\"65ba149\" data-element_type=\"section\">\n\t\t\t\t\t\t<div class=\"elementor-container elementor-column-gap-default\">\n\t\t\t\t\t\t\t<div class=\"elementor-row\">\n\t\t\t\t\t<div class=\"elementor-column elementor-col-100 elementor-top-column elementor-element elementor-element-9d487a2\" data-id=\"9d487a2\" data-element_type=\"column\">\n\t\t\t<div class=\"elementor-column-wrap elementor-element-populated\">\n\t\t\t\t\t\t\t<div class=\"elementor-widget-wrap\">\n\t\t\t\t\t\t<div class=\"elementor-element elementor-element-57bd0ed elementor-widget elementor-widget-heading\" data-id=\"57bd0ed\" data-element_type=\"widget\" data-widget_type=\"heading.default\">\n\t\t\t\t<div class=\"elementor-widget-container\">\n\t\t\t<h1 class=\"elementor-heading-title elementor-size-default\">Skinkings en legaten<\/h1>\t\t<\/div>\n\t\t\t\t<\/div>\n\t\t\t\t<div class=\"elementor-element elementor-element-5c764ef elementor-widget elementor-widget-text-editor\" data-id=\"5c764ef\" data-element_type=\"widget\" data-widget_type=\"text-editor.default\">\n\t\t\t\t<div class=\"elementor-widget-container\">\n\t\t\t\t\t\t\t\t<div class=\"elementor-text-editor elementor-clearfix\">\n\t\t\t\t<p>It Keninklik Frysk Genoatskip foar Skiednis en Kultuer wurdt droegen troch goed 900 leden. Dat is foar de kontinu\u00efteit fan de feriening hiel belangryk. Mei de kontrib\u00fasje-ynkomsten kin it Keninklik Frysk Genoatskip in twatal tydskriften \u00fatjaan, ekskurzjes en l\u00eazingen organisearje en stipe jaan oan doelen op it m\u00ead fan it Frysk Genoatskip. Mar ekstra stipe is wolkom, want kultuer freget net altyd, mar wol faak it nedige jild.<\/p>\t\t\t\t\t<\/div>\n\t\t\t\t\t\t<\/div>\n\t\t\t\t<\/div>\n\t\t\t\t<div class=\"elementor-element elementor-element-74e104e elementor-widget elementor-widget-text-editor\" data-id=\"74e104e\" data-element_type=\"widget\" data-widget_type=\"text-editor.default\">\n\t\t\t\t<div class=\"elementor-widget-container\">\n\t\t\t\t\t\t\t\t<div class=\"elementor-text-editor elementor-clearfix\">\n\t\t\t\t<p>Neist in <a href=\"https:\/\/koninklijkfriesgenootschap.nl\/fr\/lid-wurde\/\">lidmaatskip<\/a>, kinne jo it wurk fan it Keninklik Frysk Genoatskip ek stypje troch in jefte, in periodike skinking of troch it opnimmen fan \u00fas feriening yn jo testamint.<\/p>\t\t\t\t\t<\/div>\n\t\t\t\t\t\t<\/div>\n\t\t\t\t<\/div>\n\t\t\t\t<div class=\"elementor-element elementor-element-cdfd24f elementor-widget elementor-widget-heading\" data-id=\"cdfd24f\" data-element_type=\"widget\" data-widget_type=\"heading.default\">\n\t\t\t\t<div class=\"elementor-widget-container\">\n\t\t\t<h2 class=\"elementor-heading-title elementor-size-default\">Jeften en skinkings<\/h2>\t\t<\/div>\n\t\t\t\t<\/div>\n\t\t\t\t<div class=\"elementor-element elementor-element-42e8c3b elementor-widget elementor-widget-text-editor\" data-id=\"42e8c3b\" data-element_type=\"widget\" data-widget_type=\"text-editor.default\">\n\t\t\t\t<div class=\"elementor-widget-container\">\n\t\t\t\t\t\t\t\t<div class=\"elementor-text-editor elementor-clearfix\">\n\t\t\t\t<p>De jefte of skinking fan ien kear is de meast foarkommende begeunstiging. In skinking kinne jo altyd dwaan. Sa'n bydrage oan it Keninklik Frysk Genoatskip is yn begjinsel fiskaal \u00f4f te l\u00fbken. Dat is lykwols allinne as de jeften mear binne as 1% fan it smoarch ynkommen (mei in minimum fan \u20ac 50,-) en net mear binne as 10% fan it smoarch ynkommen.<\/p><p>Ek in periodike skinking is mooglik. D\u00earfoar jilde boppeneamde beheiningen net. Sa'n skinking moat yn in notari\u00eble akte f\u00eastlein wurde. Jo meitsje sels \u00fat watfoar bedrach oft jo alle jierren skinke wolle, oer in perioade fan op syn minst 5 jier. Under betingst dat de totale skinking op syn minst de kosten dekt, nimt it Keninklik Frysk Genoatskip de kosten fan de notaris foar syn rekken.<\/p>\t\t\t\t\t<\/div>\n\t\t\t\t\t\t<\/div>\n\t\t\t\t<\/div>\n\t\t\t\t<div class=\"elementor-element elementor-element-587a92a elementor-widget elementor-widget-heading\" data-id=\"587a92a\" data-element_type=\"widget\" data-widget_type=\"heading.default\">\n\t\t\t\t<div class=\"elementor-widget-container\">\n\t\t\t<h2 class=\"elementor-heading-title elementor-size-default\">Opnimmen yn jo testamint<\/h2>\t\t<\/div>\n\t\t\t\t<\/div>\n\t\t\t\t<div class=\"elementor-element elementor-element-af482b5 elementor-widget elementor-widget-text-editor\" data-id=\"af482b5\" data-element_type=\"widget\" data-widget_type=\"text-editor.default\">\n\t\t\t\t<div class=\"elementor-widget-container\">\n\t\t\t\t\t\t\t\t<div class=\"elementor-text-editor elementor-clearfix\">\n\t\t\t\t<p>Net allinne by libben, mar ek nei ferstjerren kin in ynstelling as it Keninklik Frysk Genoatskip, dy't algemien nut foar eagen hat, finansjeel stipe wurde.<\/p>\t\t\t\t\t<\/div>\n\t\t\t\t\t\t<\/div>\n\t\t\t\t<\/div>\n\t\t\t\t<div class=\"elementor-element elementor-element-990eee5 elementor-widget elementor-widget-heading\" data-id=\"990eee5\" data-element_type=\"widget\" data-widget_type=\"heading.default\">\n\t\t\t\t<div class=\"elementor-widget-container\">\n\t\t\t<h2 class=\"elementor-heading-title elementor-size-default\">Erfstelling<\/h2>\t\t<\/div>\n\t\t\t\t<\/div>\n\t\t\t\t<div class=\"elementor-element elementor-element-3f770b3 elementor-widget elementor-widget-text-editor\" data-id=\"3f770b3\" data-element_type=\"widget\" data-widget_type=\"text-editor.default\">\n\t\t\t\t<div class=\"elementor-widget-container\">\n\t\t\t\t\t\t\t\t<div class=\"elementor-text-editor elementor-clearfix\">\n\t\t\t\t<p>By in erfstelling beneame jo it Keninklik Frysk Genoatskip ta (mei)erfgenamt. Dat bart troch middel fan in testamint, dat jo troch in notaris opstelle litte.<\/p>\t\t\t\t\t<\/div>\n\t\t\t\t\t\t<\/div>\n\t\t\t\t<\/div>\n\t\t\t\t<div class=\"elementor-element elementor-element-8e3af50 elementor-widget elementor-widget-heading\" data-id=\"8e3af50\" data-element_type=\"widget\" data-widget_type=\"heading.default\">\n\t\t\t\t<div class=\"elementor-widget-container\">\n\t\t\t<h2 class=\"elementor-heading-title elementor-size-default\">Legaat<\/h2>\t\t<\/div>\n\t\t\t\t<\/div>\n\t\t\t\t<div class=\"elementor-element elementor-element-c5b271c elementor-widget elementor-widget-text-editor\" data-id=\"c5b271c\" data-element_type=\"widget\" data-widget_type=\"text-editor.default\">\n\t\t\t\t<div class=\"elementor-widget-container\">\n\t\t\t\t\t\t\t\t<div class=\"elementor-text-editor elementor-clearfix\">\n\t\t\t\t<p>Foar it neilitten fan in legaat kinne jo ek by de notaris tel\u00e2ne. Der wurdt dan notarieel f\u00eastlein wat jo neilitte wolle oan it Keninklik Frysk Genoatskip. Dat kin in jildbedrach w\u00eaze, mar bygelyks ek (\u00fbn)replik guod.<\/p><p>It Keninklik Frysk Genoatskip is - as erkend goed doel - gjin skinkings- of suksesjerjocht skuldich. Jo skinking kin d\u00eartroch hielendal \u2013 s\u00fbnder ynh\u00e2lden fan kosten \u2013 bestege wurde oan it wurk fan it Keninklik Frysk Genoatskip of ien troch jo neier oan te jaan d\u00earmei gearhingjend doel.<\/p><p>It oanwizen fan it Keninklik Frysk Genoatskip as begeunstige yn in testamint of akte is minder yngewikkeld as jo miskien tinke. Freegje jo notaris der nei.<\/p><p>Foar mear ynformaasje kinne jo fansels ek, oer de mail of skriftlik kontakt opnimme mei it sekretariaat fan \u00fas feriening, lykas fermeld \u00fbnder Kontakt.<\/p><p><strong>Sekretariaat KFG<br \/><\/strong>Nachtl\u00e2n 56<br \/>9213 RH De Wilgen<\/p><p><strong><a href=\"mailto:info@friesgenootschap.nl\">info@friesgenootschap<\/a><\/strong><a href=\"mailto:info@friesgenootschap.nl\"><span id=\"cloak6a410a6ccd069fcc62d4424dc719fb10\"><strong>.nl<\/strong><\/span><\/a><\/p><p>Troch skinkingen en neilittenskippen krijt it Keninklik Frysk Genoatskip mear finansjele romte. Dat makket it mooglik om projekten \u00fat te fieren dy't oars net mooglik w\u00eaze soenen. Bygelyks museale oankeapen, it (mei) mooglik meitsjen fan tentoanstellingen en boek\u00fatjeften en it dwaan fan \u00fbndersyk. Mei jo skinking drage jo lykwols benammen by oan de kontinu\u00efteit fan ien fan de \u00e2ldste ferieningen fan Frysl\u00e2n!<\/p>\t\t\t\t\t<\/div>\n\t\t\t\t\t\t<\/div>\n\t\t\t\t<\/div>\n\t\t\t\t\t\t<\/div>\n\t\t\t\t\t<\/div>\n\t\t<\/div>\n\t\t\t\t\t\t\t\t<\/div>\n\t\t\t\t\t<\/div>\n\t\t<\/section>\n\t\t\t\t\t\t<\/div>\n\t\t\t\t\t\t<\/div>\n\t\t\t\t\t<\/div>","protected":false},"excerpt":{"rendered":"<p>Schenkingen en legaten Het Koninklijk Fries Genootschap voor Geschiedenis en Cultuur wordt gedragen door ruim 900 leden. Dat is voor de continu\u00efteit van de vereniging heel belangrijk. Met de contributie-inkomsten kan het Koninklijk Fries Genootschap een tweetal tijdschriften uitgeven, excursies en lezingen organiseren en steun verlenen aan doeleinden op het terrein van het Fries Genootschap. [&hellip;]<\/p>","protected":false},"author":1,"featured_media":0,"parent":6484,"menu_order":0,"comment_status":"closed","ping_status":"closed","template":"","meta":[],"_links":{"self":[{"href":"https:\/\/koninklijkfriesgenootschap.nl\/fr\/wp-json\/wp\/v2\/pages\/6540"}],"collection":[{"href":"https:\/\/koninklijkfriesgenootschap.nl\/fr\/wp-json\/wp\/v2\/pages"}],"about":[{"href":"https:\/\/koninklijkfriesgenootschap.nl\/fr\/wp-json\/wp\/v2\/types\/page"}],"author":[{"embeddable":true,"href":"https:\/\/koninklijkfriesgenootschap.nl\/fr\/wp-json\/wp\/v2\/users\/1"}],"replies":[{"embeddable":true,"href":"https:\/\/koninklijkfriesgenootschap.nl\/fr\/wp-json\/wp\/v2\/comments?post=6540"}],"version-history":[{"count":7,"href":"https:\/\/koninklijkfriesgenootschap.nl\/fr\/wp-json\/wp\/v2\/pages\/6540\/revisions"}],"predecessor-version":[{"id":14410,"href":"https:\/\/koninklijkfriesgenootschap.nl\/fr\/wp-json\/wp\/v2\/pages\/6540\/revisions\/14410"}],"up":[{"embeddable":true,"href":"https:\/\/koninklijkfriesgenootschap.nl\/fr\/wp-json\/wp\/v2\/pages\/6484"}],"wp:attachment":[{"href":"https:\/\/koninklijkfriesgenootschap.nl\/fr\/wp-json\/wp\/v2\/media?parent=6540"}],"curies":[{"name":"wp","href":"https:\/\/api.w.org\/{rel}","templated":true}]}}