{"id":6552,"date":"2020-10-08T18:02:06","date_gmt":"2020-10-08T16:02:06","guid":{"rendered":"https:\/\/koninklijkfriesgenootschap.nl\/?page_id=6552"},"modified":"2025-11-11T10:27:38","modified_gmt":"2025-11-11T09:27:38","slug":"anbi","status":"publish","type":"page","link":"https:\/\/koninklijkfriesgenootschap.nl\/fr\/oer-it-keninklik-frysk-genoatskip\/anbi\/","title":{"rendered":"ANBI"},"content":{"rendered":"<div data-elementor-type=\"wp-page\" data-elementor-id=\"6552\" class=\"elementor elementor-6552\" data-elementor-settings=\"[]\">\n\t\t\t\t\t\t<div class=\"elementor-inner\">\n\t\t\t\t\t\t\t<div class=\"elementor-section-wrap\">\n\t\t\t\t\t\t\t<section data-particle_enable=\"false\" data-particle-mobile-disabled=\"false\" class=\"elementor-section elementor-top-section elementor-element elementor-element-bfd90cb elementor-section-full_width elementor-section-height-default elementor-section-height-default\" data-id=\"bfd90cb\" data-element_type=\"section\">\n\t\t\t\t\t\t<div class=\"elementor-container elementor-column-gap-default\">\n\t\t\t\t\t\t\t<div class=\"elementor-row\">\n\t\t\t\t\t<div class=\"elementor-column elementor-col-100 elementor-top-column elementor-element elementor-element-6fee71b\" data-id=\"6fee71b\" data-element_type=\"column\">\n\t\t\t<div class=\"elementor-column-wrap elementor-element-populated\">\n\t\t\t\t\t\t\t<div class=\"elementor-widget-wrap\">\n\t\t\t\t\t\t<div class=\"elementor-element elementor-element-56c9263 elementor-widget elementor-widget-image\" data-id=\"56c9263\" data-element_type=\"widget\" data-widget_type=\"image.default\">\n\t\t\t\t<div class=\"elementor-widget-container\">\n\t\t\t\t\t\t\t\t<div class=\"elementor-image\">\n\t\t\t\t\t\t\t\t\t\t\t\t<img width=\"1600\" height=\"250\" src=\"https:\/\/koninklijkfriesgenootschap.nl\/wp-content\/uploads\/2020\/10\/1Koninklijk_Fries_Genootschap1_1600_250.jpg\" class=\"attachment-2048x2048 size-2048x2048\" alt=\"\" loading=\"lazy\" srcset=\"https:\/\/koninklijkfriesgenootschap.nl\/wp-content\/uploads\/2020\/10\/1Koninklijk_Fries_Genootschap1_1600_250.jpg 1600w, https:\/\/koninklijkfriesgenootschap.nl\/wp-content\/uploads\/2020\/10\/1Koninklijk_Fries_Genootschap1_1600_250-300x47.jpg 300w, https:\/\/koninklijkfriesgenootschap.nl\/wp-content\/uploads\/2020\/10\/1Koninklijk_Fries_Genootschap1_1600_250-1030x161.jpg 1030w, https:\/\/koninklijkfriesgenootschap.nl\/wp-content\/uploads\/2020\/10\/1Koninklijk_Fries_Genootschap1_1600_250-768x120.jpg 768w, https:\/\/koninklijkfriesgenootschap.nl\/wp-content\/uploads\/2020\/10\/1Koninklijk_Fries_Genootschap1_1600_250-1536x240.jpg 1536w, https:\/\/koninklijkfriesgenootschap.nl\/wp-content\/uploads\/2020\/10\/1Koninklijk_Fries_Genootschap1_1600_250-50x8.jpg 50w, https:\/\/koninklijkfriesgenootschap.nl\/wp-content\/uploads\/2020\/10\/1Koninklijk_Fries_Genootschap1_1600_250-500x78.jpg 500w\" sizes=\"(max-width: 1600px) 100vw, 1600px\" title=\"\">\t\t\t\t\t\t\t\t\t\t\t\t\t\t<\/div>\n\t\t\t\t\t\t<\/div>\n\t\t\t\t<\/div>\n\t\t\t\t\t\t<\/div>\n\t\t\t\t\t<\/div>\n\t\t<\/div>\n\t\t\t\t\t\t\t\t<\/div>\n\t\t\t\t\t<\/div>\n\t\t<\/section>\n\t\t\t\t<section data-particle_enable=\"false\" data-particle-mobile-disabled=\"false\" class=\"elementor-section elementor-top-section elementor-element elementor-element-deec7a6 elementor-section-full_width broodkruimel elementor-section-height-default elementor-section-height-default\" data-id=\"deec7a6\" data-element_type=\"section\" data-settings=\"{&quot;background_background&quot;:&quot;classic&quot;,&quot;sticky&quot;:&quot;top&quot;,&quot;sticky_on&quot;:[&quot;desktop&quot;],&quot;sticky_offset&quot;:80,&quot;animation&quot;:&quot;none&quot;,&quot;sticky_effects_offset&quot;:0}\">\n\t\t\t\t\t\t<div class=\"elementor-container elementor-column-gap-default\">\n\t\t\t\t\t\t\t<div class=\"elementor-row\">\n\t\t\t\t\t<div class=\"elementor-column elementor-col-50 elementor-top-column elementor-element elementor-element-78c3ba2\" data-id=\"78c3ba2\" data-element_type=\"column\">\n\t\t\t<div class=\"elementor-column-wrap elementor-element-populated\">\n\t\t\t\t\t\t\t<div class=\"elementor-widget-wrap\">\n\t\t\t\t\t\t<div class=\"elementor-element elementor-element-4a289ad elementor-view-default elementor-widget elementor-widget-icon\" data-id=\"4a289ad\" data-element_type=\"widget\" data-widget_type=\"icon.default\">\n\t\t\t\t<div class=\"elementor-widget-container\">\n\t\t\t\t\t<div class=\"elementor-icon-wrapper\">\n\t\t\t<a class=\"elementor-icon\" href=\"https:\/\/koninklijkfriesgenootschap.nl\/fr\/\">\n\t\t\t<i aria-hidden=\"true\" class=\"fas fa-home\"><\/i>\t\t\t<\/a>\n\t\t<\/div>\n\t\t\t\t<\/div>\n\t\t\t\t<\/div>\n\t\t\t\t\t\t<\/div>\n\t\t\t\t\t<\/div>\n\t\t<\/div>\n\t\t\t\t<div class=\"elementor-column elementor-col-50 elementor-top-column elementor-element elementor-element-c7efc7a\" data-id=\"c7efc7a\" data-element_type=\"column\">\n\t\t\t<div class=\"elementor-column-wrap elementor-element-populated\">\n\t\t\t\t\t\t\t<div class=\"elementor-widget-wrap\">\n\t\t\t\t\t\t<div class=\"elementor-element elementor-element-a594dc6 elementor-widget elementor-widget-shortcode\" data-id=\"a594dc6\" data-element_type=\"widget\" data-widget_type=\"shortcode.default\">\n\t\t\t\t<div class=\"elementor-widget-container\">\n\t\t\t\t\t<div class=\"elementor-shortcode\"><nav aria-label=\"breadcrumbs\" class=\"rank-math-breadcrumb\"><p><\/p><\/nav><\/div>\n\t\t\t\t<\/div>\n\t\t\t\t<\/div>\n\t\t\t\t\t\t<\/div>\n\t\t\t\t\t<\/div>\n\t\t<\/div>\n\t\t\t\t\t\t\t\t<\/div>\n\t\t\t\t\t<\/div>\n\t\t<\/section>\n\t\t\t\t<section data-particle_enable=\"false\" data-particle-mobile-disabled=\"false\" class=\"elementor-section elementor-top-section elementor-element elementor-element-65ba149 elementor-section-boxed elementor-section-height-default elementor-section-height-default\" data-id=\"65ba149\" data-element_type=\"section\">\n\t\t\t\t\t\t<div class=\"elementor-container elementor-column-gap-default\">\n\t\t\t\t\t\t\t<div class=\"elementor-row\">\n\t\t\t\t\t<div class=\"elementor-column elementor-col-100 elementor-top-column elementor-element elementor-element-9d487a2\" data-id=\"9d487a2\" data-element_type=\"column\">\n\t\t\t<div class=\"elementor-column-wrap elementor-element-populated\">\n\t\t\t\t\t\t\t<div class=\"elementor-widget-wrap\">\n\t\t\t\t\t\t<div class=\"elementor-element elementor-element-57bd0ed elementor-widget elementor-widget-heading\" data-id=\"57bd0ed\" data-element_type=\"widget\" data-widget_type=\"heading.default\">\n\t\t\t\t<div class=\"elementor-widget-container\">\n\t\t\t<h2 class=\"elementor-heading-title elementor-size-default\">ANBI<\/h2>\t\t<\/div>\n\t\t\t\t<\/div>\n\t\t\t\t<div class=\"elementor-element elementor-element-74e104e elementor-widget elementor-widget-text-editor\" data-id=\"74e104e\" data-element_type=\"widget\" data-no-translation=\"\" data-widget_type=\"text-editor.default\">\n\t\t\t\t<div class=\"elementor-widget-container\">\n\t\t\t<style>.elementor-element-74e104e{display:none !important}<\/style>\t\t<\/div>\n\t\t\t\t<\/div>\n\t\t\t\t<div class=\"elementor-element elementor-element-3f832ad elementor-widget elementor-widget-text-editor\" data-id=\"3f832ad\" data-element_type=\"widget\" data-no-translation=\"\" data-widget_type=\"text-editor.default\">\n\t\t\t\t<div class=\"elementor-widget-container\">\n\t\t\t\t\t\t\t\t<div class=\"elementor-text-editor elementor-clearfix\">\n\t\t\t\t<aside><div><div>\u00a0<\/div><\/div><\/aside><section><table border=\"1\" cellspacing=\"5\" cellpadding=\"5\"><tbody><tr><td>Namme:<\/td><td>Keninklik Frysk Genoatskip foar Skiednis en Kultuer<\/td><\/tr><tr><td>Ferkoarte namme:<\/td><td>Keninklik Frysk Genoatskip<\/td><\/tr><tr><td>N\u00fbmer Kamer van Koophandel:<\/td><td>40001816<\/td><\/tr><tr><td>RSIN:<\/td><td>4102423<\/td><\/tr><tr><td>Kontaktgegevens:<\/td><td><p>Sekretariaat KFG<br \/>Nachtl\u00e2n 56<br \/>9213 RH De Wilgen<br \/>info@friesgenootschap.nl<\/p><\/td><\/tr><tr><td>Bestjoersgearstalling:<\/td><td><ul><li>Joop Koopmans, foarsitter<\/li><li>Goos Postma, sekretaris<\/li><li>Menno de Lange, pongh\u00e2lder<\/li><li>Marjan Brouwer<\/li><li>Fonny Krol- Postma<\/li><li>Annemieke Galema<\/li><li>Janna Kootstra<\/li><li>Femke Knoop<\/li><\/ul><\/td><\/tr><tr><td>IBAN-n\u00fbmer<\/td><td>NL33ABNA0450289001<\/td><\/tr><tr><td>Doelstelling:<\/td><td>It doel fan de feriening is it \u00fbndersyk nei en it fersprieden fan kennis oer al itjinge wat de skiednis, archeology en taalkunde fan Frysl\u00e2n oangiet.<\/td><\/tr><tr><td>Haadlinen beliedsplan:<\/td><td>Om de doelstelling te berikken jout it Keninklik Frysk Genoatskip it twamoanliks ferskinend histoarysk tydskrift <em>Frysl\u00e2n<\/em>\u00a0\u00fat en it jierboek <em>De Vrije Fries<\/em>. Ek jout de feriening ynsidinteel finansjele stipe oan publikaasjes fan tredden. Fierder organisearret de feriening jierliks ien of mear l\u00eazingen en yn gearwurking mei de Fryske Akademy wurdt likern\u00f4ch twajierliks in wittenskiplik sympoasium organisearre. De feriening docht ferslach fan de wurksumheden yn <em>De Vrije Fries<\/em> en publisearret op de webside de jierferslaggen en de jierrekkens.<br \/>De ynkomsten fan de feriening bestean \u00fat lidmaatskipsjilden en opbringsten \u00fat har fermogen. It fermogen wurdt fia in fermogensbehearder belein op gr\u00fbn fan in duorsum belizzingsmandaat mei in reedlik definsyf profyl.<\/td><\/tr><tr><td>Beleanningsbelied:<\/td><td>De bestjoersleden \u00fbntfange gjin beleanning foar har bestjoersaktiviteiten.<\/td><\/tr><\/tbody><\/table><h4>\u00a0<\/h4><h4>\u00a0<\/h4><\/section>\t\t\t\t\t<\/div>\n\t\t\t\t\t\t<\/div>\n\t\t\t\t<\/div>\n\t\t\t\t\t\t<\/div>\n\t\t\t\t\t<\/div>\n\t\t<\/div>\n\t\t\t\t\t\t\t\t<\/div>\n\t\t\t\t\t<\/div>\n\t\t<\/section>\n\t\t\t\t\t\t<\/div>\n\t\t\t\t\t\t<\/div>\n\t\t\t\t\t<\/div>","protected":false},"excerpt":{"rendered":"<p>ANBI \u00a0 Naam: Koninklijk Fries Genootschap voor Geschiedenis en Cultuur Verkorte naam: Koninklijk Fries Genootschap Nummer Kamer van Koophandel: 40001816 RSIN: 4102423 Contactgegevens: Secretariaat KFGNachtl\u00e2n 569213 RH De Wilgeninfo@friesgenootschap.nl Bestuurssamenstelling: Joop Koopmans, voorzitter Goos Postma, secretaris Menno de Lange, penningmeester Marjan Brouwer Fonny Krol-Postma Annemieke Galema Janna Kootstra Femke Knoop IBAN-nummer NL33ABNA0450289001 Doelstelling: Het doel [&hellip;]<\/p>","protected":false},"author":1,"featured_media":0,"parent":6484,"menu_order":0,"comment_status":"closed","ping_status":"closed","template":"","meta":[],"_links":{"self":[{"href":"https:\/\/koninklijkfriesgenootschap.nl\/fr\/wp-json\/wp\/v2\/pages\/6552"}],"collection":[{"href":"https:\/\/koninklijkfriesgenootschap.nl\/fr\/wp-json\/wp\/v2\/pages"}],"about":[{"href":"https:\/\/koninklijkfriesgenootschap.nl\/fr\/wp-json\/wp\/v2\/types\/page"}],"author":[{"embeddable":true,"href":"https:\/\/koninklijkfriesgenootschap.nl\/fr\/wp-json\/wp\/v2\/users\/1"}],"replies":[{"embeddable":true,"href":"https:\/\/koninklijkfriesgenootschap.nl\/fr\/wp-json\/wp\/v2\/comments?post=6552"}],"version-history":[{"count":148,"href":"https:\/\/koninklijkfriesgenootschap.nl\/fr\/wp-json\/wp\/v2\/pages\/6552\/revisions"}],"predecessor-version":[{"id":14701,"href":"https:\/\/koninklijkfriesgenootschap.nl\/fr\/wp-json\/wp\/v2\/pages\/6552\/revisions\/14701"}],"up":[{"embeddable":true,"href":"https:\/\/koninklijkfriesgenootschap.nl\/fr\/wp-json\/wp\/v2\/pages\/6484"}],"wp:attachment":[{"href":"https:\/\/koninklijkfriesgenootschap.nl\/fr\/wp-json\/wp\/v2\/media?parent=6552"}],"curies":[{"name":"wp","href":"https:\/\/api.w.org\/{rel}","templated":true}]}}