{"id":6654,"date":"2020-10-10T15:45:14","date_gmt":"2020-10-10T13:45:14","guid":{"rendered":"https:\/\/koninklijkfriesgenootschap.nl\/?page_id=6654"},"modified":"2023-07-26T12:04:41","modified_gmt":"2023-07-26T10:04:41","slug":"over-fryslan","status":"publish","type":"page","link":"https:\/\/koninklijkfriesgenootschap.nl\/fr\/oer-fryslan\/","title":{"rendered":"Oer Frysl\u00e2n"},"content":{"rendered":"<div data-elementor-type=\"wp-page\" data-elementor-id=\"6654\" class=\"elementor elementor-6654\" data-elementor-settings=\"[]\">\n\t\t\t\t\t\t<div class=\"elementor-inner\">\n\t\t\t\t\t\t\t<div class=\"elementor-section-wrap\">\n\t\t\t\t\t\t\t<section data-particle_enable=\"false\" data-particle-mobile-disabled=\"false\" class=\"elementor-section elementor-top-section elementor-element elementor-element-6a9159d elementor-section-full_width elementor-section-height-default elementor-section-height-default\" data-id=\"6a9159d\" data-element_type=\"section\">\n\t\t\t\t\t\t\t<div class=\"elementor-background-overlay\"><\/div>\n\t\t\t\t\t\t\t<div class=\"elementor-container elementor-column-gap-default\">\n\t\t\t\t\t\t\t<div class=\"elementor-row\">\n\t\t\t\t\t<div class=\"elementor-column elementor-col-100 elementor-top-column elementor-element elementor-element-b5b45db\" data-id=\"b5b45db\" data-element_type=\"column\" data-settings=\"{&quot;background_background&quot;:&quot;classic&quot;}\">\n\t\t\t<div class=\"elementor-column-wrap elementor-element-populated\">\n\t\t\t\t\t\t\t<div class=\"elementor-widget-wrap\">\n\t\t\t\t\t\t<div class=\"elementor-element elementor-element-3ae9bab elementor-widget elementor-widget-template\" data-id=\"3ae9bab\" data-element_type=\"widget\" data-widget_type=\"template.default\">\n\t\t\t\t<div class=\"elementor-widget-container\">\n\t\t\t\t\t<div class=\"elementor-template\">\n\t\t\t\t\t<div data-elementor-type=\"page\" data-elementor-id=\"6940\" class=\"elementor elementor-6940\" data-elementor-settings=\"[]\">\n\t\t\t\t\t\t<div class=\"elementor-inner\">\n\t\t\t\t\t\t\t<div class=\"elementor-section-wrap\">\n\t\t\t\t\t\t\t<section data-particle_enable=\"false\" data-particle-mobile-disabled=\"false\" class=\"elementor-section elementor-top-section elementor-element elementor-element-8bee1a6 elementor-section-full_width elementor-section-height-default elementor-section-height-default\" data-id=\"8bee1a6\" data-element_type=\"section\" data-settings=\"{&quot;background_background&quot;:&quot;classic&quot;}\">\n\t\t\t\t\t\t<div class=\"elementor-container elementor-column-gap-default\">\n\t\t\t\t\t\t\t<div class=\"elementor-row\">\n\t\t\t\t\t<div class=\"elementor-column elementor-col-100 elementor-top-column elementor-element elementor-element-40133a5\" data-id=\"40133a5\" data-element_type=\"column\">\n\t\t\t<div class=\"elementor-column-wrap elementor-element-populated\">\n\t\t\t\t\t\t\t<div class=\"elementor-widget-wrap\">\n\t\t\t\t\t\t<div class=\"elementor-element elementor-element-ecf3425 laatsteonline2 elementor-widget elementor-widget-eael-post-block\" data-id=\"ecf3425\" data-element_type=\"widget\" data-widget_type=\"eael-post-block.default\">\n\t\t\t\t<div class=\"elementor-widget-container\">\n\t\t\t<div id=\"eael-post-block-ecf3425\" class=\"eael-post-block post-block-style-default\">\n\t\t    <div class=\"eael-post-block-grid eael-post-appender eael-post-appender-ecf3425\">\n                <article class=\"eael-post-block-item eael-post-block-column\">\n                        <div class=\"eael-post-block-item-holder\">\n                            <div class=\"eael-post-block-item-holder-inner\"><div class=\"eael-entry-media\">\n                                        <div class=\"eael-entry-overlay fade-in\"><i class=\"fas fa-link\" aria-hidden=\"true\"><\/i><a href=\"https:\/\/koninklijkfriesgenootschap.nl\/fr\/online-nummers\/15126\/\"><\/a>\n                                        <\/div>\n                                        <div class=\"eael-entry-thumbnail\">\n                                            <img src=\"https:\/\/koninklijkfriesgenootschap.nl\/wp-content\/uploads\/2026\/03\/cover-Fryslan_ma_apr_2026_LR-768x934.jpg\" alt=\"\" title=\"\">\n                                        <\/div>\n                                    <\/div><\/div>\n                        <\/div>\n                    <\/article>\n\t\t    <\/div>\n\t\t<\/div>\t\t<\/div>\n\t\t\t\t<\/div>\n\t\t\t\t\t\t<\/div>\n\t\t\t\t\t<\/div>\n\t\t<\/div>\n\t\t\t\t\t\t\t\t<\/div>\n\t\t\t\t\t<\/div>\n\t\t<\/section>\n\t\t\t\t\t\t<\/div>\n\t\t\t\t\t\t<\/div>\n\t\t\t\t\t<\/div>\n\t\t\t\t<\/div>\n\t\t\t\t<\/div>\n\t\t\t\t<\/div>\n\t\t\t\t\t\t<\/div>\n\t\t\t\t\t<\/div>\n\t\t<\/div>\n\t\t\t\t\t\t\t\t<\/div>\n\t\t\t\t\t<\/div>\n\t\t<\/section>\n\t\t\t\t<section data-particle_enable=\"false\" data-particle-mobile-disabled=\"false\" class=\"elementor-section elementor-top-section elementor-element elementor-element-b10c36d elementor-section-full_width broodkruimel elementor-section-height-default elementor-section-height-default\" data-id=\"b10c36d\" data-element_type=\"section\" data-settings=\"{&quot;background_background&quot;:&quot;classic&quot;,&quot;sticky&quot;:&quot;top&quot;,&quot;sticky_on&quot;:[&quot;desktop&quot;],&quot;sticky_offset&quot;:80,&quot;animation&quot;:&quot;none&quot;,&quot;sticky_effects_offset&quot;:0}\">\n\t\t\t\t\t\t<div class=\"elementor-container elementor-column-gap-default\">\n\t\t\t\t\t\t\t<div class=\"elementor-row\">\n\t\t\t\t\t<div class=\"elementor-column elementor-col-50 elementor-top-column elementor-element elementor-element-56769d2\" data-id=\"56769d2\" data-element_type=\"column\">\n\t\t\t<div class=\"elementor-column-wrap elementor-element-populated\">\n\t\t\t\t\t\t\t<div class=\"elementor-widget-wrap\">\n\t\t\t\t\t\t<div class=\"elementor-element elementor-element-d4016ac elementor-view-default elementor-widget elementor-widget-icon\" data-id=\"d4016ac\" data-element_type=\"widget\" data-widget_type=\"icon.default\">\n\t\t\t\t<div class=\"elementor-widget-container\">\n\t\t\t\t\t<div class=\"elementor-icon-wrapper\">\n\t\t\t<a class=\"elementor-icon\" href=\"https:\/\/koninklijkfriesgenootschap.nl\/fr\/fryslan\/\">\n\t\t\t<i aria-hidden=\"true\" class=\"fas fa-home\"><\/i>\t\t\t<\/a>\n\t\t<\/div>\n\t\t\t\t<\/div>\n\t\t\t\t<\/div>\n\t\t\t\t\t\t<\/div>\n\t\t\t\t\t<\/div>\n\t\t<\/div>\n\t\t\t\t<div class=\"elementor-column elementor-col-50 elementor-top-column elementor-element elementor-element-118f522\" data-id=\"118f522\" data-element_type=\"column\">\n\t\t\t<div class=\"elementor-column-wrap elementor-element-populated\">\n\t\t\t\t\t\t\t<div class=\"elementor-widget-wrap\">\n\t\t\t\t\t\t<div class=\"elementor-element elementor-element-e4371f6 elementor-widget elementor-widget-shortcode\" data-id=\"e4371f6\" data-element_type=\"widget\" data-widget_type=\"shortcode.default\">\n\t\t\t\t<div class=\"elementor-widget-container\">\n\t\t\t\t\t<div class=\"elementor-shortcode\"><nav aria-label=\"breadcrumbs\" class=\"rank-math-breadcrumb\"><p><\/p><\/nav><\/div>\n\t\t\t\t<\/div>\n\t\t\t\t<\/div>\n\t\t\t\t\t\t<\/div>\n\t\t\t\t\t<\/div>\n\t\t<\/div>\n\t\t\t\t\t\t\t\t<\/div>\n\t\t\t\t\t<\/div>\n\t\t<\/section>\n\t\t\t\t<section data-particle_enable=\"false\" data-particle-mobile-disabled=\"false\" class=\"elementor-section elementor-top-section elementor-element elementor-element-65ba149 elementor-section-boxed elementor-section-height-default elementor-section-height-default\" data-id=\"65ba149\" data-element_type=\"section\">\n\t\t\t\t\t\t<div class=\"elementor-container elementor-column-gap-default\">\n\t\t\t\t\t\t\t<div class=\"elementor-row\">\n\t\t\t\t\t<div class=\"elementor-column elementor-col-50 elementor-top-column elementor-element elementor-element-9d487a2\" data-id=\"9d487a2\" data-element_type=\"column\">\n\t\t\t<div class=\"elementor-column-wrap elementor-element-populated\">\n\t\t\t\t\t\t\t<div class=\"elementor-widget-wrap\">\n\t\t\t\t\t\t<div class=\"elementor-element elementor-element-57bd0ed elementor-widget elementor-widget-heading\" data-id=\"57bd0ed\" data-element_type=\"widget\" data-widget_type=\"heading.default\">\n\t\t\t\t<div class=\"elementor-widget-container\">\n\t\t\t<h2 class=\"elementor-heading-title elementor-size-default\">Histoarysk tydskrift Frysl\u00e2n<\/h2>\t\t<\/div>\n\t\t\t\t<\/div>\n\t\t\t\t<div class=\"elementor-element elementor-element-5c764ef elementor-widget elementor-widget-text-editor\" data-id=\"5c764ef\" data-element_type=\"widget\" data-widget_type=\"text-editor.default\">\n\t\t\t\t<div class=\"elementor-widget-container\">\n\t\t\t\t\t\t\t\t<div class=\"elementor-text-editor elementor-clearfix\">\n\t\t\t\t<p>Histoarysk tydskrift<em> Frysl\u00e2n<\/em> is as skiednistydskrift in trouwe \u00f4fspegeling fan \u00fas provinsje: in eigensinnich ferline, ryk dokumintearre, wiidweidich yllustrearre en soarchf\u00e2ldich argivearre.<\/p>\t\t\t\t\t<\/div>\n\t\t\t\t\t\t<\/div>\n\t\t\t\t<\/div>\n\t\t\t\t<div class=\"elementor-element elementor-element-74e104e elementor-widget elementor-widget-text-editor\" data-id=\"74e104e\" data-element_type=\"widget\" data-widget_type=\"text-editor.default\">\n\t\t\t\t<div class=\"elementor-widget-container\">\n\t\t\t\t\t\t\t\t<div class=\"elementor-text-editor elementor-clearfix\">\n\t\t\t\t<p>De redaksje fan histoarysk tydskrift<em> Frysl\u00e2n<\/em> jout oan dat boeiende ferline in publyksfreonlik gesicht. Elke \u00fatjefte befettet sa'n acht artikels, faak is der in oansprekkend tema mei in aktuele link. D\u00earneist binne der f\u00easte rubriken, bygelyks oer de st\u00e2n fan it Fryske histoaryske \u00fbndersyk, en tal fan losse artikels. Belangryk is it 'service-part', mei boekbesprekken, kalinder en nijs.<br \/><em><br \/><\/em>Histoarysk tydskrift<em> Frysl\u00e2n<\/em>\u00a0ferskynt seis kear yn it jier.<\/p>\t\t\t\t\t<\/div>\n\t\t\t\t\t\t<\/div>\n\t\t\t\t<\/div>\n\t\t\t\t\t\t<\/div>\n\t\t\t\t\t<\/div>\n\t\t<\/div>\n\t\t\t\t<div class=\"elementor-column elementor-col-50 elementor-top-column elementor-element elementor-element-a971106\" data-id=\"a971106\" data-element_type=\"column\">\n\t\t\t<div class=\"elementor-column-wrap elementor-element-populated\">\n\t\t\t\t\t\t\t<div class=\"elementor-widget-wrap\">\n\t\t\t\t\t\t<div class=\"elementor-element elementor-element-1a68d89 elementor-widget elementor-widget-image\" data-id=\"1a68d89\" data-element_type=\"widget\" data-widget_type=\"image.default\">\n\t\t\t\t<div class=\"elementor-widget-container\">\n\t\t\t\t\t\t\t\t<div class=\"elementor-image\">\n\t\t\t\t\t\t\t\t\t\t\t\t<img width=\"800\" height=\"556\" src=\"https:\/\/koninklijkfriesgenootschap.nl\/wp-content\/uploads\/2020\/10\/Fryslan_nummer-1030x716.jpg\" class=\"attachment-large size-large\" alt=\"\" loading=\"lazy\" srcset=\"https:\/\/koninklijkfriesgenootschap.nl\/wp-content\/uploads\/2020\/10\/Fryslan_nummer-1030x716.jpg 1030w, https:\/\/koninklijkfriesgenootschap.nl\/wp-content\/uploads\/2020\/10\/Fryslan_nummer-300x209.jpg 300w, https:\/\/koninklijkfriesgenootschap.nl\/wp-content\/uploads\/2020\/10\/Fryslan_nummer-768x534.jpg 768w, https:\/\/koninklijkfriesgenootschap.nl\/wp-content\/uploads\/2020\/10\/Fryslan_nummer-50x35.jpg 50w, https:\/\/koninklijkfriesgenootschap.nl\/wp-content\/uploads\/2020\/10\/Fryslan_nummer-500x348.jpg 500w, https:\/\/koninklijkfriesgenootschap.nl\/wp-content\/uploads\/2020\/10\/Fryslan_nummer.jpg 1080w\" sizes=\"(max-width: 800px) 100vw, 800px\" title=\"\">\t\t\t\t\t\t\t\t\t\t\t\t\t\t<\/div>\n\t\t\t\t\t\t<\/div>\n\t\t\t\t<\/div>\n\t\t\t\t\t\t<\/div>\n\t\t\t\t\t<\/div>\n\t\t<\/div>\n\t\t\t\t\t\t\t\t<\/div>\n\t\t\t\t\t<\/div>\n\t\t<\/section>\n\t\t\t\t\t\t<\/div>\n\t\t\t\t\t\t<\/div>\n\t\t\t\t\t<\/div>","protected":false},"excerpt":{"rendered":"<p>Historisch tijdschrift Frysl\u00e2n Historisch tijdschrift Frysl\u00e2n is als geschiedenistijdschrift een getrouwe afspiegeling van onze provincie: een eigengereid verleden, rijk gedocumenteerd, uitbundig ge\u00efllustreerd en zorgvuldig gearchiveerd. De redactie van historisch tijdschrift Frysl\u00e2n geeft aan dat boeiende verleden een publieksvriendelijk gezicht. Elke uitgave bevat zo\u2019n acht artikelen, vaak is er een aansprekend thema met een actuele link. [&hellip;]<\/p>","protected":false},"author":1,"featured_media":0,"parent":0,"menu_order":0,"comment_status":"closed","ping_status":"closed","template":"","meta":[],"_links":{"self":[{"href":"https:\/\/koninklijkfriesgenootschap.nl\/fr\/wp-json\/wp\/v2\/pages\/6654"}],"collection":[{"href":"https:\/\/koninklijkfriesgenootschap.nl\/fr\/wp-json\/wp\/v2\/pages"}],"about":[{"href":"https:\/\/koninklijkfriesgenootschap.nl\/fr\/wp-json\/wp\/v2\/types\/page"}],"author":[{"embeddable":true,"href":"https:\/\/koninklijkfriesgenootschap.nl\/fr\/wp-json\/wp\/v2\/users\/1"}],"replies":[{"embeddable":true,"href":"https:\/\/koninklijkfriesgenootschap.nl\/fr\/wp-json\/wp\/v2\/comments?post=6654"}],"version-history":[{"count":2,"href":"https:\/\/koninklijkfriesgenootschap.nl\/fr\/wp-json\/wp\/v2\/pages\/6654\/revisions"}],"predecessor-version":[{"id":11786,"href":"https:\/\/koninklijkfriesgenootschap.nl\/fr\/wp-json\/wp\/v2\/pages\/6654\/revisions\/11786"}],"wp:attachment":[{"href":"https:\/\/koninklijkfriesgenootschap.nl\/fr\/wp-json\/wp\/v2\/media?parent=6654"}],"curies":[{"name":"wp","href":"https:\/\/api.w.org\/{rel}","templated":true}]}}