{"id":6701,"date":"2020-10-11T12:53:54","date_gmt":"2020-10-11T10:53:54","guid":{"rendered":"https:\/\/koninklijkfriesgenootschap.nl\/?page_id=6701"},"modified":"2024-04-23T17:02:54","modified_gmt":"2024-04-23T15:02:54","slug":"kopijregels-en-auteursinstructies-de-vrije-fries","status":"publish","type":"page","link":"https:\/\/koninklijkfriesgenootschap.nl\/fr\/kopijregels-en-auteursynstruksjes-de-vrije-fries\/","title":{"rendered":"Kopijregels en auteursynstruksjes De Vrije Fries"},"content":{"rendered":"<div data-elementor-type=\"wp-page\" data-elementor-id=\"6701\" class=\"elementor elementor-6701\" data-elementor-settings=\"[]\">\n\t\t\t\t\t\t<div class=\"elementor-inner\">\n\t\t\t\t\t\t\t<div class=\"elementor-section-wrap\">\n\t\t\t\t\t\t\t<section data-particle_enable=\"false\" data-particle-mobile-disabled=\"false\" class=\"elementor-section elementor-top-section elementor-element elementor-element-bfd90cb elementor-section-full_width elementor-section-height-default elementor-section-height-default\" data-id=\"bfd90cb\" data-element_type=\"section\" data-settings=\"{&quot;background_background&quot;:&quot;slideshow&quot;,&quot;background_slideshow_gallery&quot;:[{&quot;id&quot;:8890,&quot;url&quot;:&quot;https:\\\/\\\/koninklijkfriesgenootschap.nl\\\/wp-content\\\/uploads\\\/2021\\\/01\\\/brilvrijefriesbreed.jpg&quot;}],&quot;background_slideshow_loop&quot;:&quot;yes&quot;,&quot;background_slideshow_slide_duration&quot;:5000,&quot;background_slideshow_slide_transition&quot;:&quot;fade&quot;,&quot;background_slideshow_transition_duration&quot;:500}\">\n\t\t\t\t\t\t<div class=\"elementor-container elementor-column-gap-default\">\n\t\t\t\t\t\t\t<div class=\"elementor-row\">\n\t\t\t\t\t<div class=\"elementor-column elementor-col-100 elementor-top-column elementor-element elementor-element-6fee71b\" data-id=\"6fee71b\" data-element_type=\"column\">\n\t\t\t<div class=\"elementor-column-wrap elementor-element-populated\">\n\t\t\t\t\t\t\t<div class=\"elementor-widget-wrap\">\n\t\t\t\t\t\t<div class=\"elementor-element elementor-element-56c9263 elementor-widget elementor-widget-image\" data-id=\"56c9263\" data-element_type=\"widget\" data-widget_type=\"image.default\">\n\t\t\t\t<div class=\"elementor-widget-container\">\n\t\t\t\t\t\t\t\t<div class=\"elementor-image\">\n\t\t\t\t\t\t\t\t\t\t\t\t<img width=\"298\" height=\"300\" src=\"https:\/\/koninklijkfriesgenootschap.nl\/wp-content\/uploads\/2020\/09\/logo-fries-genootschap-298x300.png\" class=\"attachment-medium size-medium\" alt=\"\" loading=\"lazy\" srcset=\"https:\/\/koninklijkfriesgenootschap.nl\/wp-content\/uploads\/2020\/09\/logo-fries-genootschap-298x300.png 298w, https:\/\/koninklijkfriesgenootschap.nl\/wp-content\/uploads\/2020\/09\/logo-fries-genootschap-80x80.png 80w, https:\/\/koninklijkfriesgenootschap.nl\/wp-content\/uploads\/2020\/09\/logo-fries-genootschap-40x40.png 40w, https:\/\/koninklijkfriesgenootschap.nl\/wp-content\/uploads\/2020\/09\/logo-fries-genootschap.png 395w\" sizes=\"(max-width: 298px) 100vw, 298px\" title=\"\">\t\t\t\t\t\t\t\t\t\t\t\t\t\t<\/div>\n\t\t\t\t\t\t<\/div>\n\t\t\t\t<\/div>\n\t\t\t\t\t\t<\/div>\n\t\t\t\t\t<\/div>\n\t\t<\/div>\n\t\t\t\t\t\t\t\t<\/div>\n\t\t\t\t\t<\/div>\n\t\t<\/section>\n\t\t\t\t<section data-particle_enable=\"false\" data-particle-mobile-disabled=\"false\" class=\"elementor-section elementor-top-section elementor-element elementor-element-39826ea elementor-section-full_width broodkruimel elementor-section-height-default elementor-section-height-default\" data-id=\"39826ea\" data-element_type=\"section\" data-settings=\"{&quot;background_background&quot;:&quot;classic&quot;,&quot;sticky&quot;:&quot;top&quot;,&quot;sticky_on&quot;:[&quot;desktop&quot;],&quot;sticky_offset&quot;:80,&quot;animation&quot;:&quot;none&quot;,&quot;sticky_effects_offset&quot;:0}\">\n\t\t\t\t\t\t<div class=\"elementor-container elementor-column-gap-default\">\n\t\t\t\t\t\t\t<div class=\"elementor-row\">\n\t\t\t\t\t<div class=\"elementor-column elementor-col-50 elementor-top-column elementor-element elementor-element-c4a8741\" data-id=\"c4a8741\" data-element_type=\"column\">\n\t\t\t<div class=\"elementor-column-wrap elementor-element-populated\">\n\t\t\t\t\t\t\t<div class=\"elementor-widget-wrap\">\n\t\t\t\t\t\t<div class=\"elementor-element elementor-element-b995b5c elementor-view-default elementor-widget elementor-widget-icon\" data-id=\"b995b5c\" data-element_type=\"widget\" data-widget_type=\"icon.default\">\n\t\t\t\t<div class=\"elementor-widget-container\">\n\t\t\t\t\t<div class=\"elementor-icon-wrapper\">\n\t\t\t<a class=\"elementor-icon\" href=\"https:\/\/koninklijkfriesgenootschap.nl\/fr\/de-vrije-fries\/\">\n\t\t\t<i aria-hidden=\"true\" class=\"fas fa-home\"><\/i>\t\t\t<\/a>\n\t\t<\/div>\n\t\t\t\t<\/div>\n\t\t\t\t<\/div>\n\t\t\t\t\t\t<\/div>\n\t\t\t\t\t<\/div>\n\t\t<\/div>\n\t\t\t\t<div class=\"elementor-column elementor-col-50 elementor-top-column elementor-element elementor-element-ff343aa\" data-id=\"ff343aa\" data-element_type=\"column\">\n\t\t\t<div class=\"elementor-column-wrap elementor-element-populated\">\n\t\t\t\t\t\t\t<div class=\"elementor-widget-wrap\">\n\t\t\t\t\t\t<div class=\"elementor-element elementor-element-5f88349 elementor-widget elementor-widget-shortcode\" data-id=\"5f88349\" data-element_type=\"widget\" data-widget_type=\"shortcode.default\">\n\t\t\t\t<div class=\"elementor-widget-container\">\n\t\t\t\t\t<div class=\"elementor-shortcode\"><nav aria-label=\"breadcrumbs\" class=\"rank-math-breadcrumb\"><p><\/p><\/nav><\/div>\n\t\t\t\t<\/div>\n\t\t\t\t<\/div>\n\t\t\t\t\t\t<\/div>\n\t\t\t\t\t<\/div>\n\t\t<\/div>\n\t\t\t\t\t\t\t\t<\/div>\n\t\t\t\t\t<\/div>\n\t\t<\/section>\n\t\t\t\t<section data-particle_enable=\"false\" data-particle-mobile-disabled=\"false\" class=\"elementor-section elementor-top-section elementor-element elementor-element-65ba149 elementor-section-boxed elementor-section-height-default elementor-section-height-default\" data-id=\"65ba149\" data-element_type=\"section\">\n\t\t\t\t\t\t<div class=\"elementor-container elementor-column-gap-default\">\n\t\t\t\t\t\t\t<div class=\"elementor-row\">\n\t\t\t\t\t<div class=\"elementor-column elementor-col-100 elementor-top-column elementor-element elementor-element-9d487a2\" data-id=\"9d487a2\" data-element_type=\"column\">\n\t\t\t<div class=\"elementor-column-wrap elementor-element-populated\">\n\t\t\t\t\t\t\t<div class=\"elementor-widget-wrap\">\n\t\t\t\t\t\t<div class=\"elementor-element elementor-element-57bd0ed elementor-widget elementor-widget-heading\" data-id=\"57bd0ed\" data-element_type=\"widget\" data-widget_type=\"heading.default\">\n\t\t\t\t<div class=\"elementor-widget-container\">\n\t\t\t<h2 class=\"elementor-heading-title elementor-size-default\">Kopijregels en auteursynstruksjes De Vrije Fries<\/h2>\t\t<\/div>\n\t\t\t\t<\/div>\n\t\t\t\t<div class=\"elementor-element elementor-element-74e104e elementor-widget elementor-widget-text-editor\" data-id=\"74e104e\" data-element_type=\"widget\" data-no-translation=\"\" data-widget_type=\"text-editor.default\">\n\t\t\t\t<div class=\"elementor-widget-container\">\n\t\t\t<style>.elementor-element-74e104e{display:none !important}<\/style>\t\t<\/div>\n\t\t\t\t<\/div>\n\t\t\t\t<div class=\"elementor-element elementor-element-60f3354 elementor-widget elementor-widget-text-editor\" data-id=\"60f3354\" data-element_type=\"widget\" data-no-translation=\"\" data-widget_type=\"text-editor.default\">\n\t\t\t\t<div class=\"elementor-widget-container\">\n\t\t\t\t\t\t\t\t<div class=\"elementor-text-editor elementor-clearfix\">\n\t\t\t\t<h4><em>I Oanleverjen teksten<\/em><\/h4><p>\u2022 <strong>Omfang en taal<\/strong>: de omfang wurdt yn oerlis mei de redaksje f\u00eaststeld (rjochtline: artikel maks. 6000 wurden (ynklusyf noaten), essay maks. 4000 wurden (ynklusyf noaten)). In artikel of essay kin oanlevere wurde yn it Nederl\u00e2nsk, Frysk, Ingelsk of D\u00fatsk. In artikel of essay yn it Ingelsk of D\u00fatsk fan in non-native speaker moat de auteur sels foar oanleverjen korrizjearje litte troch in native speaker fan dy taal.<\/p><p>\u2022 <strong>Format<\/strong>: Bestannen moatte oanlevere wurde yn ien fan \u2019e neikommende best\u00e2nsyndielingen: .docx of .rtf.<br \/>\u2022 <strong>Oanleverje kin allinne oer de e-mail fia it redaksjesekretariaat (e-mailadres sjoch \u00fbnderoan)<\/strong><\/p><h4><em>II Gearfettingen<\/em><\/h4><p>Der wurdt yn in apart best\u00e2n in gearfetting fan maksimaal 150 wurden by it artikel levere yn it Nederl\u00e2nsk, Frysk en Ingelsk of nei behearsking fan dy talen. De redaksje follet de \u00fbntbrekkende gearfettingen oan. De gearfettingen wurde publisearre op \u2019e website fan <em>De Vrije Fries<\/em>.<\/p><h4><em>III Personalia<\/em><\/h4><p>\u2022 De auteur leveret foar de rubryk \u2018Over de auteurs\u2019 efter yn it jierboek in <strong>koart curriculum<\/strong> (maksimaal 100 wurden). Apart oanleverje.<br \/>\u2022 It artikel moat foarsjoen w\u00eaze fan in foarbl\u00ead mei: foarnamme (earste fol\u00fat, evt. folgjende letter(s), efternamme, titulatuer, adres en funksje.<\/p><h4><em>IV Peer review<\/em><\/h4><p>\u2022 <em>De Vrije Fries<\/em> ferskynt, neist foar algemien ynteressearren, foar in wittenskiplik publyk. D\u00earom wurdt dernei stribbe safolle mooglik artikels te peerreviewen. <br \/>\u2022 Foar it waarboargjen en ferheegjen fan \u2019e wittenskiplike kwaliteit lit de redaksje him, as dat winske is, advisearje troch eksterne referinten dy\u2019t spesjalisearre binne op it oanbelangjende \u00fbnderwerp en\/of brede domeinkennis hawwe.<br \/>\u2022 Anonimisearre artikels wurde troch dy referinten op syn minst beoardiele op \u2019e \u00fbndersyksopset, de metodology en de bydrage oan it wittenskiplike fjild. De eksterne feedback wurdt anonimisearre weromkeppele oan de auteur.<br \/>\u2022 Op basis fan \u2019e peer review wurdt de auteur mooglik \u00fatn\u00fbge om it manuskript op \u2019e nij te besjen. Op it momint fan op \u2019e nij yntsjinjen wurdt de auteur frege om in taljochting op it al of net ferwurkjen fan \u2019e eksterne feedback. <br \/>\u2022 Mei op basis d\u00earfan besl\u00fat de redaksje yn l\u00easte ynst\u00e2nsje oer al of net opnimmen en it momint fan publikaasje.<\/p><h4><em>V Opmaak ensfh.<\/em><\/h4><p>\u2022 <strong>Nije alinea\u2019s <\/strong>ynspringe mei in tab (\u00fatsein de earste alinea\u2019s nei in kopke of nei in wytrigel).<br \/>\u2022 <strong>Beheinde opmaak:<\/strong> tekst oanleverje as platte tekst, d.w.s. gjin ekstra lay-out yn \u2019e foarm fan opmaakstilen, marzjefersmeljen, d\u00fbbele tabs, net \u00f4fbrekke, net \u00fatfolje. Yn \u2019e tekst allinne kursivearringen tapasse; net \u00fbnderstreekje, gjin wurden yn kapitaal skriuwe, net \u00fbnnedich aksintuearring yn wurden br\u00fbke. Lettertype Times New Roman, pt. 12. Rigel\u00f4fst\u00e2n 1,5. Helje d\u00fbbele spaasjes \u00fat de tekst.<br \/>\u2022 <strong>Kursyf <\/strong>tapasse by it br\u00fbken fan wurden yn in oare taal as dy fan it artikel en by it oanheljen fan boektitels en titels fan kranten en tydskriften.<br \/>\u2022 <strong>Tuskenkopkes <\/strong>yn fetprint, nei in wytregel en folgje litte troch in wytrigel; tuskenkopkes net n\u00fbmerje.<br \/>\u2022 <strong>Sitaten of oanhellingstekens: <\/strong>koarte sitatenmei \u2018inkelde\u2019 oanhellingstekens (saneamde inverted comma\u2019s) trochrinnend yn \u2019e tekst. Lange sitaten wurde yn blok set mei ynspringing en wytrigel derfoar en dernei, s\u00fbnder oanhellingstekens. Lettertype Times New Roman, pt. 11. <br \/>\u2022 <strong>Titels <\/strong>fan boeken, tydskriften, kranten en skilderijen kursyf. Titels fan artikels en gedichten tusken oanhellingstekens.<br \/>\u2022 <strong>Haadletters<\/strong>: neffens de jildende stavering fan \u2019e keazen taal; yn it Nederl\u00e2nsk allinne by offisjele namme-oantsjutting: Nederl\u00e2nsk Herfoarme Tsjerke, Nederl\u00e2n, Fryske Beweging, de Ferljochting. Net by: herfoarmen, Fryske bewegers, ferljochte idee\u00ebn. Sjoch fierder: \u2018Paadwizer Fryske stavering\u2019, op https:\/\/taalweb.frl\/paadwizer.<br \/>\u2022 <strong>Getallen<\/strong><strong>:<\/strong> iuwgetallen fol\u00fat, dus \u2018santjinde iuw\u2019 en net \u201817de iuw\u2019. Sifers \u00fbnder de tweintich en tsientallen oant h\u00fbndert fol\u00fat, \u00fatsein yn opsommingen en tabellen.<br \/>\u2022 <strong>Ofkoartingen<\/strong><strong>:<\/strong> gjin \u00f4fkoartingen, \u00fatsein yn noate-apparaten, d\u00ear\u2019t de \u00f4fkoarting nei in earste folsleine werjefte tusken heakjes yntrodusearre wurdt.<br \/>\u2022 Yn \u2019e rinnende tekst wurdt \u2018prosint\u2019 hantearre; yn tabellen it %-teken.<br \/>\u2022 Foar topografyske nammen jildt dat de offisjele skriuwwize hantearre wurdt dy\u2019t heart by de taal fan it artikel; foar de topografyske nammen w\u00earfan\u2019t yn \u2019e provinsje Frysl\u00e2n allinne de Fryske namme offisjeel f\u00eaststeld is, wurdt dy namme br\u00fbkt.<\/p><h4><em>VI Oanleverjen yllustraasjes, byskriften, tabellen en grafiken<\/em><\/h4><p>\u2022 It yllustraasjebelied fan DVF is funksjoneel; dat wol sizze dat de yllustraasjes betrekking hawwe op \u2019e rinnende tekst.<br \/>\u2022 De auteur leveret sels de yllustraasjes (of eventueel suggestjes d\u00earta) oan en skriuwt sels de byskriften by de yllustraasjes. De auteur kontrolearret sels oft auteursrjocht op de te br\u00fbken \u00f4fbylding r\u00east en freget sels as dat nedich is tastimming by de rjochthawwende, ek foar online publikaasje. De auteur draacht sels de eventuele kosten foar it br\u00fbken fan \u00f4fbyldingen.\u00a0 De auteur jout yn \u2019e byskrifttekst ek ferkoarte de boarne oan, tusken heakjes (byg. Tresoar, Ljouwert).<br \/>\u2022 De yllustraasjes moatte yn in apart best\u00e2n oanlevere wurde yn it grutst mooglike formaat. Minimaal te ferwurkjen op 10 sm breedte op 300 DPI. By foarkar leverje yn JPG (heechste kwaliteit, dus s\u00fbnder kompresje), TIFF of PNG.<br \/>\u2022 De byskriften moatte ek apart oanlevere wurde. <br \/>\u2022 Ofbyldingen en byskriften d\u00fadlik n\u00fbmerje. Yn \u2019e tekst wurdt d\u00fadlik makke w\u00ear\u2019t in \u00f4fbylding by heart, fia \u2018(\u00f4fb. 1)\u2019, \u2018(\u00f4fb. 2)\u2019 ensfh.<br \/>\u2022 Byskriften begjinne mei n\u00fbmer fan \u2019e \u00f4fbylding en net einigje mei in punt.<br \/>\u2022 Ofbyldingen en byskriften net yn \u2019e ferzje fan it artikel pleatse dat foar einredaksje oanlevere wurdt. <br \/>\u2022 Itselde jildt foar tabellen en grafiken. Net yn \u2019e tekst ynfoegje, mar as aparte bestannen meistjoere (koptekst fan in tabel is fet). It plak fan tabellen wurdt yn \u2019e tekst fermeld (\u2018Tabel 1\u2019).<\/p><h4><em>VII Wize fan annotaasje en boarnefermelding<\/em><\/h4><p>\u2022 Yn DVF wurde (m.y.f. 2017)<strong> fuotnoaten<\/strong> br\u00fbkt, gjin einnoaten. Noatn\u00fbmers yn \u2019e tekst, yn superskript, oan \u2019e ein fan in sin pleatse, efter de punt, of it moat w\u00eaze dat it eksplikative noaten oanbelanget dy\u2019t betrekking hawwe op in spesifyk wurd\/spesifike wurdgroep yn \u2019e sin. Noaten moatte funksjoneel w\u00eaze, net wiidweidich.<br \/>\u2022 It <strong>noate-apparaat <\/strong>wurdt as yn \u2019e neikommende foarbylden gearstald. By earste fermelding: <strong>Boek:<\/strong> Maarten Prak, <em>Gouden eeuw. Het raadsel van de Republiek<\/em> (Nijmegen 2002); <strong>Artikel:<\/strong> Jos Bazelmans, \u2018Is Frieslands oudheid tegenwoordig zonder belang?\u2019, <em>De Vrije Fries<\/em> 82 (2002), 302-309. <strong>Tydskrift:<\/strong> Yme Kuiper, \u2018Inleiding: de arbeidersbiografie nader bekeken\u2019, <em>It Beaken<\/em> 70 (2009) 1\/2, 1-12. By twa auteurs wurdt \u2018en\u2019 tusken de nammen pleatst. By 3 auteurs as hjirnei: G.J.A. Bouma, E. Dijkstra en A. Osinga, <em>Het Friese paard<\/em> (Drachten 1999). By mear as trije auteurs wurdt allinne de earste namme fermeld mei e.o. derefter, bygelyks: J.C. Besteman e.o., titel. It br\u00fbken fan foarletters of foarnammen moat korrespondearje mei hoe\u2019t dy werj\u00fbn binne yn \u2019e offisjele titelbeskriuwing.<br \/>\u2022 By <strong>twadde en folgjende fermelding<\/strong> giet annotaasje neffens it neamde ferkoarte titel-systeem: byg. Prak, <em>Gouden eeuw<\/em>, 3; Bazelmans, \u2018Frieslands oudheid?\u2019, 306; Kuiper, \u2018Arbeidersbiografie\u2019, 5. <br \/>\u2022 Wannear\u2019t in <strong>ferwizing identyk<\/strong> is oan \u2019e foargeande folstiet <em>Ibidem<\/em>; wannear\u2019t in ferwizing nei <strong>deselde boarne<\/strong> ferwiist as foargeande, mar nei in oare side folstiet <em>Ibidem<\/em>, x (w\u00earby\u2019t x it nije siden\u00fbmer is). By <strong>in selde auteur<\/strong> mei in oare titel wurdt Idem br\u00fbkt. <br \/>\u2022by <strong>ynternetferwizingen<\/strong> datum rieplachtsjen fermelde: <br \/>byg. <a href=\"http:\/\/www.parlement.com\/id\/vg09llt0per3\/j%20g%20baron%20de%20mey%20van%20streefkerk\" target=\"_blank\" rel=\"noopener\">http:\/\/www.parlement.com\/id\/vg09llt0per3\/j g baron de mey van streefkerk<\/a>\u00a0 \u00a0(rieplachte 22 maaie 2016). NB gjin hyperlink.<br \/>\u2022 by <strong>siden\u00fbmers<\/strong> gjin \u2018s\u2019 of \u2018ss\u2019 pleatse foar it n\u00fbmer, of it moat w\u00eaze dat dat misferstannen jout (lykas by ferwizing nei argyfstikken dy\u2019t al in tagongsn\u00fbmer en ynventarisn\u00fbmer hawwe). By it br\u00fbken fan \u00f4fleveringsn\u00fbmers komt in komma efter dat \u00f4fleveringsn\u00fbmer.<br \/>\u2022 <strong>Titel skripsje<\/strong> net kursyf, mar tusken inkelde oanhellingstekens, byg.: Droog, M., \u2018Drukwerk voor iedereen. Het fonds van de Leeuwarder uitgever Abraham Ferwerda (1716-1783)\u2019 (BA-skripsje, Ryksuniversiteit Grins 2012)<\/p><h4><em>VIII Argivalia<\/em><\/h4><p>Fan algemien nei spesifyk: ynstellingsnamme + plak fan f\u00eastiging, tagongsn\u00fbmer, namme fan it argyfbest\u00e2n, ynv.n\u00fb., omskriuwing fan it ynventarisn\u00fbmer lykas yn \u2019e ynventaris stiet en fierder needsaaklike eigenskippen as datums by korrespondinsjes ensfh.<\/p><h4><em>IX De wurkwize fan de redaksje<\/em><\/h4><p>\u2022 Nei binnenkomst fan in artikel wurdt dat troch de hiele redaksje l\u00eazen en beoardiele. D\u00earneist kin it artikel anonym foarlein wurde oan in troch de redaksje oan te wizen eksterne saakkundige. Trije oardielen binne mooglik: (1) it artikel wurdt \u00fatsein miskien inkelde einredaksjonele wizigingen akseptearre; (2) it artikel wurdt oannommen mitsdat feroaringen oanbrocht wurde; (3) it artikel wurdt wegere.<br \/>\u2022 Yn \u2019e gefallen (1) en (2) begeliedt d\u00earnei ien fan \u2019e redaksjeleden it fierdere trajekt en h\u00e2ldt kontakt mei de auteur. De auteur leveret in l\u00easte digitale ferzje fan it artikel yn.<br \/>\u2022 Nei ynleverjen fan dy definitive ferzje wurdt de tekst trochj\u00fbn oan \u2019e einredakteur, dy\u2019t it rjocht hat om foarstellen ta stilistyske oanpassing te dwaan. De einredakteur leit de l\u00easte ferzje foar fiat oan \u2019e auteur foar. De auteur krijt in PDF fan \u2019e opmakke ferzje fan it artikel as printkladde.<br \/>\u2022 De einredakteur makket it artikel printree.<br \/>\u2022 De auteur \u00fbntfangt 2 eksimplaren fan <em>De Vrije Fries<\/em> en in PDF fan it publisearre artikel.<\/p><h4><em>X Copyrights<\/em><\/h4><p>It Frysk Genoatskip en de Fryske Akademy stribje dernei om nei ferrin fan tiid de ynh\u00e2ld fan <em>De Vrije Fries <\/em>op it ynternet te publisearjen. S\u00fbnder fierder tsjinberjocht giet de redaksje <br \/>derfan \u00fat dat in auteur fan in pleatst artikel d\u00earta tastimming ferlient.<\/p><p><em>\u00a0<\/em><\/p><p><em>Redaksjesekretariaat<\/em><br \/><span id=\"cloak0129bed8bd4a2bc5723dd8bfba48b40e\">Binne Keulen: <a href=\"https:\/\/koninklijkfriesgenootschap.nl\/contact-de-vrije-fries\/\">https:\/\/koninklijkfriesgenootschap.nl\/contact-de-vrije-fries\/<\/a><\/span><\/p>\t\t\t\t\t<\/div>\n\t\t\t\t\t\t<\/div>\n\t\t\t\t<\/div>\n\t\t\t\t\t\t<\/div>\n\t\t\t\t\t<\/div>\n\t\t<\/div>\n\t\t\t\t\t\t\t\t<\/div>\n\t\t\t\t\t<\/div>\n\t\t<\/section>\n\t\t\t\t\t\t<\/div>\n\t\t\t\t\t\t<\/div>\n\t\t\t\t\t<\/div>","protected":false},"excerpt":{"rendered":"<p>Kopijregels en auteursinstructies De Vrije Fries I Aanleveren teksten \u2022 Omvang en taal: de omvang wordt in overleg met de redactie vastgesteld (richtlijn: artikelen max. 6000 woorden (inclusief noten), essays max. 4000 woorden (inclusief noten). Een artikel of essay kan worden aangeleverd in het Nederlands, Fries, Engels of Duits. Een artikel of essay in het [&hellip;]<\/p>","protected":false},"author":1,"featured_media":0,"parent":0,"menu_order":0,"comment_status":"closed","ping_status":"closed","template":"","meta":[],"_links":{"self":[{"href":"https:\/\/koninklijkfriesgenootschap.nl\/fr\/wp-json\/wp\/v2\/pages\/6701"}],"collection":[{"href":"https:\/\/koninklijkfriesgenootschap.nl\/fr\/wp-json\/wp\/v2\/pages"}],"about":[{"href":"https:\/\/koninklijkfriesgenootschap.nl\/fr\/wp-json\/wp\/v2\/types\/page"}],"author":[{"embeddable":true,"href":"https:\/\/koninklijkfriesgenootschap.nl\/fr\/wp-json\/wp\/v2\/users\/1"}],"replies":[{"embeddable":true,"href":"https:\/\/koninklijkfriesgenootschap.nl\/fr\/wp-json\/wp\/v2\/comments?post=6701"}],"version-history":[{"count":13,"href":"https:\/\/koninklijkfriesgenootschap.nl\/fr\/wp-json\/wp\/v2\/pages\/6701\/revisions"}],"predecessor-version":[{"id":12684,"href":"https:\/\/koninklijkfriesgenootschap.nl\/fr\/wp-json\/wp\/v2\/pages\/6701\/revisions\/12684"}],"wp:attachment":[{"href":"https:\/\/koninklijkfriesgenootschap.nl\/fr\/wp-json\/wp\/v2\/media?parent=6701"}],"curies":[{"name":"wp","href":"https:\/\/api.w.org\/{rel}","templated":true}]}}